{"id":4199,"date":"2021-10-01T11:12:38","date_gmt":"2021-10-01T09:12:38","guid":{"rendered":"https:\/\/devgets.com\/?post_type=product&#038;p=4199"},"modified":"2022-07-06T12:35:39","modified_gmt":"2022-07-06T10:35:39","slug":"chartanchor","status":"publish","type":"product","link":"https:\/\/devgets.com\/en\/shop\/all\/transport\/chartanchor\/","title":{"rendered":"Chart:anchor"},"content":{"rendered":"","protected":false},"excerpt":{"rendered":"<p>Das unkomplizierte Lagersystem zum einfachen und platzsparenden Archivieren von Flipcharts\u00e4tzen im gerollten Zustand.<\/p>\n<p>Zum Archivieren von Flipcharts\u00e4tzen mit bis zu 100 Flipchartbl\u00e4ttern.<\/p>\n","protected":false},"featured_media":4260,"comment_status":"open","ping_status":"closed","template":"","meta":{"_acf_changed":false},"product_brand":[],"product_cat":[87],"product_tag":[],"class_list":{"0":"post-4199","1":"product","2":"type-product","3":"status-publish","4":"has-post-thumbnail","6":"product_cat-transport","8":"first","9":"instock","10":"sale","11":"taxable","12":"shipping-taxable","13":"purchasable","14":"product-type-variable","15":"has-default-attributes"},"ams_default_variation_id":4201,"ams_product_points_reward":[],"ams_product_discount_percentage":0,"ams_price_to_display":9.5099999999999997868371792719699442386627197265625,"ams_acf":[],"acf":[],"yoast_head":"<!-- This site is optimized with the Yoast SEO plugin v27.0 - https:\/\/yoast.com\/product\/yoast-seo-wordpress\/ -->\n<title>Chart:anchor - DEVGETS<\/title>\n<meta name=\"robots\" content=\"index, follow, max-snippet:-1, max-image-preview:large, max-video-preview:-1\" \/>\n<link rel=\"canonical\" href=\"https:\/\/devgets.com\/en\/shop\/all\/transport\/chartanchor\/\" \/>\n<meta property=\"og:locale\" content=\"en_US\" \/>\n<meta property=\"og:type\" content=\"article\" \/>\n<meta property=\"og:title\" content=\"Chart:anchor - DEVGETS\" \/>\n<meta property=\"og:description\" content=\"Das unkomplizierte Lagersystem zum einfachen und platzsparenden Archivieren von Flipcharts\u00e4tzen im gerollten Zustand.  Zum Archivieren von Flipcharts\u00e4tzen mit bis zu 100 Flipchartbl\u00e4ttern.\" \/>\n<meta property=\"og:url\" content=\"https:\/\/devgets.com\/en\/shop\/all\/transport\/chartanchor\/\" \/>\n<meta property=\"og:site_name\" content=\"DEVGETS\" \/>\n<meta property=\"article:publisher\" content=\"https:\/\/facebook.com\/devgets\" \/>\n<meta property=\"article:modified_time\" content=\"2022-07-06T10:35:39+00:00\" \/>\n<meta property=\"og:image\" content=\"https:\/\/devgets.com\/wp-content\/uploads\/2021\/10\/ChartAnchor-1.jpg\" \/>\n\t<meta property=\"og:image:width\" content=\"1000\" \/>\n\t<meta property=\"og:image:height\" content=\"1000\" \/>\n\t<meta property=\"og:image:type\" content=\"image\/jpeg\" \/>\n<meta name=\"twitter:card\" content=\"summary_large_image\" \/>\n<script type=\"application\/ld+json\" class=\"yoast-schema-graph\">{\"@context\":\"https:\/\/schema.org\",\"@graph\":[{\"@type\":\"WebPage\",\"@id\":\"https:\/\/devgets.com\/en\/shop\/all\/transport\/chartanchor\/\",\"url\":\"https:\/\/devgets.com\/en\/shop\/all\/transport\/chartanchor\/\",\"name\":\"Chart:anchor - DEVGETS\",\"isPartOf\":{\"@id\":\"https:\/\/devgets.com\/en\/#website\"},\"primaryImageOfPage\":{\"@id\":\"https:\/\/devgets.com\/en\/shop\/all\/transport\/chartanchor\/#primaryimage\"},\"image\":{\"@id\":\"https:\/\/devgets.com\/en\/shop\/all\/transport\/chartanchor\/#primaryimage\"},\"thumbnailUrl\":\"https:\/\/cdn.devgets.com\/wp-content\/uploads\/2021\/10\/ChartAnchor-1.jpg?strip=all&quality=70\",\"datePublished\":\"2021-10-01T09:12:38+00:00\",\"dateModified\":\"2022-07-06T10:35:39+00:00\",\"breadcrumb\":{\"@id\":\"https:\/\/devgets.com\/en\/shop\/all\/transport\/chartanchor\/#breadcrumb\"},\"inLanguage\":\"en-US\",\"potentialAction\":[{\"@type\":\"ReadAction\",\"target\":[\"https:\/\/devgets.com\/en\/shop\/all\/transport\/chartanchor\/\"]}]},{\"@type\":\"ImageObject\",\"inLanguage\":\"en-US\",\"@id\":\"https:\/\/devgets.com\/en\/shop\/all\/transport\/chartanchor\/#primaryimage\",\"url\":\"https:\/\/cdn.devgets.com\/wp-content\/uploads\/2021\/10\/ChartAnchor-1.jpg?strip=all&quality=70\",\"contentUrl\":\"https:\/\/cdn.devgets.com\/wp-content\/uploads\/2021\/10\/ChartAnchor-1.jpg?strip=all&quality=70\",\"width\":1000,\"height\":1000},{\"@type\":\"BreadcrumbList\",\"@id\":\"https:\/\/devgets.com\/en\/shop\/all\/transport\/chartanchor\/#breadcrumb\",\"itemListElement\":[{\"@type\":\"ListItem\",\"position\":1,\"name\":\"Startseite\",\"item\":\"https:\/\/devgets.com\/en\/\"},{\"@type\":\"ListItem\",\"position\":2,\"name\":\"DEVGETS Shop\",\"item\":\"https:\/\/devgets.com\/shop\/\"},{\"@type\":\"ListItem\",\"position\":3,\"name\":\"Chart:anchor\"}]},{\"@type\":\"WebSite\",\"@id\":\"https:\/\/devgets.com\/en\/#website\",\"url\":\"https:\/\/devgets.com\/en\/\",\"name\":\"DEVGETS\",\"description\":\"gadgets for development\",\"publisher\":{\"@id\":\"https:\/\/devgets.com\/en\/#organization\"},\"potentialAction\":[{\"@type\":\"SearchAction\",\"target\":{\"@type\":\"EntryPoint\",\"urlTemplate\":\"https:\/\/devgets.com\/en\/?s={search_term_string}\"},\"query-input\":{\"@type\":\"PropertyValueSpecification\",\"valueRequired\":true,\"valueName\":\"search_term_string\"}}],\"inLanguage\":\"en-US\"},{\"@type\":\"Organization\",\"@id\":\"https:\/\/devgets.com\/en\/#organization\",\"name\":\"DEVGETS UG (haftungsbeschr\u00e4nkt)\",\"url\":\"https:\/\/devgets.com\/en\/\",\"logo\":{\"@type\":\"ImageObject\",\"inLanguage\":\"en-US\",\"@id\":\"https:\/\/devgets.com\/en\/#\/schema\/logo\/image\/\",\"url\":\"https:\/\/cdn.devgets.com\/wp-content\/uploads\/2020\/02\/devgets-logo-optimal.png?strip=all&lossy=1&quality=70&ssl=1\",\"contentUrl\":\"https:\/\/cdn.devgets.com\/wp-content\/uploads\/2020\/02\/devgets-logo-optimal.png?strip=all&lossy=1&quality=70&ssl=1\",\"width\":3000,\"height\":1000,\"caption\":\"DEVGETS UG (haftungsbeschr\u00e4nkt)\"},\"image\":{\"@id\":\"https:\/\/devgets.com\/en\/#\/schema\/logo\/image\/\"},\"sameAs\":[\"https:\/\/facebook.com\/devgets\",\"https:\/\/www.instagram.com\/devgets\/\",\"https:\/\/www.linkedin.com\/company\/devgets\",\"https:\/\/www.xing.com\/companies\/devgetsug\"]}]}<\/script>\n<!-- \/ Yoast SEO plugin. -->","yoast_head_json":{"title":"Chart:anchor - DEVGETS","robots":{"index":"index","follow":"follow","max-snippet":"max-snippet:-1","max-image-preview":"max-image-preview:large","max-video-preview":"max-video-preview:-1"},"canonical":"https:\/\/devgets.com\/en\/shop\/all\/transport\/chartanchor\/","og_locale":"en_US","og_type":"article","og_title":"Chart:anchor - DEVGETS","og_description":"Das unkomplizierte Lagersystem zum einfachen und platzsparenden Archivieren von Flipcharts\u00e4tzen im gerollten Zustand.  Zum Archivieren von Flipcharts\u00e4tzen mit bis zu 100 Flipchartbl\u00e4ttern.","og_url":"https:\/\/devgets.com\/en\/shop\/all\/transport\/chartanchor\/","og_site_name":"DEVGETS","article_publisher":"https:\/\/facebook.com\/devgets","article_modified_time":"2022-07-06T10:35:39+00:00","og_image":[{"width":1000,"height":1000,"url":"https:\/\/devgets.com\/wp-content\/uploads\/2021\/10\/ChartAnchor-1.jpg","type":"image\/jpeg"}],"twitter_card":"summary_large_image","schema":{"@context":"https:\/\/schema.org","@graph":[{"@type":"WebPage","@id":"https:\/\/devgets.com\/en\/shop\/all\/transport\/chartanchor\/","url":"https:\/\/devgets.com\/en\/shop\/all\/transport\/chartanchor\/","name":"Chart:anchor - DEVGETS","isPartOf":{"@id":"https:\/\/devgets.com\/en\/#website"},"primaryImageOfPage":{"@id":"https:\/\/devgets.com\/en\/shop\/all\/transport\/chartanchor\/#primaryimage"},"image":{"@id":"https:\/\/devgets.com\/en\/shop\/all\/transport\/chartanchor\/#primaryimage"},"thumbnailUrl":"https:\/\/cdn.devgets.com\/wp-content\/uploads\/2021\/10\/ChartAnchor-1.jpg?strip=all&quality=70","datePublished":"2021-10-01T09:12:38+00:00","dateModified":"2022-07-06T10:35:39+00:00","breadcrumb":{"@id":"https:\/\/devgets.com\/en\/shop\/all\/transport\/chartanchor\/#breadcrumb"},"inLanguage":"en-US","potentialAction":[{"@type":"ReadAction","target":["https:\/\/devgets.com\/en\/shop\/all\/transport\/chartanchor\/"]}]},{"@type":"ImageObject","inLanguage":"en-US","@id":"https:\/\/devgets.com\/en\/shop\/all\/transport\/chartanchor\/#primaryimage","url":"https:\/\/cdn.devgets.com\/wp-content\/uploads\/2021\/10\/ChartAnchor-1.jpg?strip=all&quality=70","contentUrl":"https:\/\/cdn.devgets.com\/wp-content\/uploads\/2021\/10\/ChartAnchor-1.jpg?strip=all&quality=70","width":1000,"height":1000},{"@type":"BreadcrumbList","@id":"https:\/\/devgets.com\/en\/shop\/all\/transport\/chartanchor\/#breadcrumb","itemListElement":[{"@type":"ListItem","position":1,"name":"Startseite","item":"https:\/\/devgets.com\/en\/"},{"@type":"ListItem","position":2,"name":"DEVGETS Shop","item":"https:\/\/devgets.com\/shop\/"},{"@type":"ListItem","position":3,"name":"Chart:anchor"}]},{"@type":"WebSite","@id":"https:\/\/devgets.com\/en\/#website","url":"https:\/\/devgets.com\/en\/","name":"DEVGETS","description":"gadgets for development","publisher":{"@id":"https:\/\/devgets.com\/en\/#organization"},"potentialAction":[{"@type":"SearchAction","target":{"@type":"EntryPoint","urlTemplate":"https:\/\/devgets.com\/en\/?s={search_term_string}"},"query-input":{"@type":"PropertyValueSpecification","valueRequired":true,"valueName":"search_term_string"}}],"inLanguage":"en-US"},{"@type":"Organization","@id":"https:\/\/devgets.com\/en\/#organization","name":"DEVGETS UG (haftungsbeschr\u00e4nkt)","url":"https:\/\/devgets.com\/en\/","logo":{"@type":"ImageObject","inLanguage":"en-US","@id":"https:\/\/devgets.com\/en\/#\/schema\/logo\/image\/","url":"https:\/\/cdn.devgets.com\/wp-content\/uploads\/2020\/02\/devgets-logo-optimal.png?strip=all&lossy=1&quality=70&ssl=1","contentUrl":"https:\/\/cdn.devgets.com\/wp-content\/uploads\/2020\/02\/devgets-logo-optimal.png?strip=all&lossy=1&quality=70&ssl=1","width":3000,"height":1000,"caption":"DEVGETS UG (haftungsbeschr\u00e4nkt)"},"image":{"@id":"https:\/\/devgets.com\/en\/#\/schema\/logo\/image\/"},"sameAs":["https:\/\/facebook.com\/devgets","https:\/\/www.instagram.com\/devgets\/","https:\/\/www.linkedin.com\/company\/devgets","https:\/\/www.xing.com\/companies\/devgetsug"]}]}},"_links":{"self":[{"href":"https:\/\/devgets.com\/en\/wp-json\/wp\/v2\/product\/4199","targetHints":{"allow":["GET"]}}],"collection":[{"href":"https:\/\/devgets.com\/en\/wp-json\/wp\/v2\/product"}],"about":[{"href":"https:\/\/devgets.com\/en\/wp-json\/wp\/v2\/types\/product"}],"replies":[{"embeddable":true,"href":"https:\/\/devgets.com\/en\/wp-json\/wp\/v2\/comments?post=4199"}],"wp:featuredmedia":[{"embeddable":true,"href":"https:\/\/devgets.com\/en\/wp-json\/wp\/v2\/media\/4260"}],"wp:attachment":[{"href":"https:\/\/devgets.com\/en\/wp-json\/wp\/v2\/media?parent=4199"}],"wp:term":[{"taxonomy":"product_brand","embeddable":true,"href":"https:\/\/devgets.com\/en\/wp-json\/wp\/v2\/product_brand?post=4199"},{"taxonomy":"product_cat","embeddable":true,"href":"https:\/\/devgets.com\/en\/wp-json\/wp\/v2\/product_cat?post=4199"},{"taxonomy":"product_tag","embeddable":true,"href":"https:\/\/devgets.com\/en\/wp-json\/wp\/v2\/product_tag?post=4199"}],"curies":[{"name":"wp","href":"https:\/\/api.w.org\/{rel}","templated":true}]}}