{"id":2989,"date":"2020-07-02T16:17:01","date_gmt":"2020-07-02T14:17:01","guid":{"rendered":"https:\/\/devgets.com\/?post_type=product&#038;p=2989"},"modified":"2023-01-29T19:06:23","modified_gmt":"2023-01-29T18:06:23","slug":"vektor-icons-kipaji-set","status":"publish","type":"product","link":"https:\/\/devgets.com\/en\/shop\/all\/digitalserie\/vektor-icons-kipaji-set\/","title":{"rendered":"Vektor Icons \u2013 Kipaji Set"},"content":{"rendered":"","protected":false},"excerpt":{"rendered":"<p>Beliebte und bekannte, handgemalte Icons zum Nachmalen und die Nutzung im virtuellen Raum. Klassische Flipchart-Zeichnungen f\u00fcr virtuelle Seminare, Pr\u00e4sentationen oder Arbeitsbl\u00e4tter.<\/p>\n<p>Mit dem Ertrag dieses Produktes unterst\u00fctzen wir die Bildungsprojekte der Kipaji gUG und des Kipaji Stiftungsfonds.<\/p>\n","protected":false},"featured_media":4862,"comment_status":"open","ping_status":"closed","template":"","meta":{"_acf_changed":false},"product_brand":[],"product_cat":[125],"product_tag":[],"class_list":{"0":"post-2989","1":"product","2":"type-product","3":"status-publish","4":"has-post-thumbnail","6":"product_cat-digitalserie","8":"first","9":"instock","10":"sale","11":"downloadable","12":"virtual","13":"taxable","14":"purchasable","15":"product-type-simple"},"ams_default_variation_id":0,"ams_product_points_reward":[],"ams_product_discount_percentage":40.00999999999999801048033987171947956085205078125,"ams_price_to_display":35.68999999999999772626324556767940521240234375,"ams_acf":[],"acf":[],"yoast_head":"<!-- This site is optimized with the Yoast SEO plugin v27.0 - https:\/\/yoast.com\/product\/yoast-seo-wordpress\/ -->\n<title>Vektor Icons \u2013 Kipaji Set - DEVGETS<\/title>\n<meta name=\"robots\" content=\"index, follow, max-snippet:-1, max-image-preview:large, max-video-preview:-1\" \/>\n<link rel=\"canonical\" href=\"https:\/\/devgets.com\/en\/shop\/all\/digitalserie\/vektor-icons-kipaji-set\/\" \/>\n<meta property=\"og:locale\" content=\"en_US\" \/>\n<meta property=\"og:type\" content=\"article\" \/>\n<meta property=\"og:title\" content=\"Vektor Icons \u2013 Kipaji Set - DEVGETS\" \/>\n<meta property=\"og:description\" content=\"Beliebte und bekannte, handgemalte Icons zum Nachmalen und die Nutzung im virtuellen Raum. Klassische Flipchart-Zeichnungen f\u00fcr virtuelle Seminare, Pr\u00e4sentationen oder Arbeitsbl\u00e4tter.  Mit dem Ertrag dieses Produktes unterst\u00fctzen wir die Bildungsprojekte der Kipaji gUG und des Kipaji Stiftungsfonds.\" \/>\n<meta property=\"og:url\" content=\"https:\/\/devgets.com\/en\/shop\/all\/digitalserie\/vektor-icons-kipaji-set\/\" \/>\n<meta property=\"og:site_name\" content=\"DEVGETS\" \/>\n<meta property=\"article:publisher\" content=\"https:\/\/facebook.com\/devgets\" \/>\n<meta property=\"article:modified_time\" content=\"2023-01-29T18:06:23+00:00\" \/>\n<meta property=\"og:image\" content=\"https:\/\/devgets.com\/wp-content\/uploads\/2020\/07\/U\u0308bersicht.jpg\" \/>\n\t<meta property=\"og:image:width\" content=\"1000\" \/>\n\t<meta property=\"og:image:height\" content=\"1000\" \/>\n\t<meta property=\"og:image:type\" content=\"image\/jpeg\" \/>\n<meta name=\"twitter:card\" content=\"summary_large_image\" \/>\n<script type=\"application\/ld+json\" class=\"yoast-schema-graph\">{\"@context\":\"https:\/\/schema.org\",\"@graph\":[{\"@type\":\"WebPage\",\"@id\":\"https:\/\/devgets.com\/en\/shop\/all\/digitalserie\/vektor-icons-kipaji-set\/\",\"url\":\"https:\/\/devgets.com\/en\/shop\/all\/digitalserie\/vektor-icons-kipaji-set\/\",\"name\":\"Vektor Icons \u2013 Kipaji Set - DEVGETS\",\"isPartOf\":{\"@id\":\"https:\/\/devgets.com\/en\/#website\"},\"primaryImageOfPage\":{\"@id\":\"https:\/\/devgets.com\/en\/shop\/all\/digitalserie\/vektor-icons-kipaji-set\/#primaryimage\"},\"image\":{\"@id\":\"https:\/\/devgets.com\/en\/shop\/all\/digitalserie\/vektor-icons-kipaji-set\/#primaryimage\"},\"thumbnailUrl\":\"https:\/\/cdn.devgets.com\/wp-content\/uploads\/2020\/07\/U\u0308bersicht.jpg?strip=all&quality=70\",\"datePublished\":\"2020-07-02T14:17:01+00:00\",\"dateModified\":\"2023-01-29T18:06:23+00:00\",\"breadcrumb\":{\"@id\":\"https:\/\/devgets.com\/en\/shop\/all\/digitalserie\/vektor-icons-kipaji-set\/#breadcrumb\"},\"inLanguage\":\"en-US\",\"potentialAction\":[{\"@type\":\"ReadAction\",\"target\":[\"https:\/\/devgets.com\/en\/shop\/all\/digitalserie\/vektor-icons-kipaji-set\/\"]}]},{\"@type\":\"ImageObject\",\"inLanguage\":\"en-US\",\"@id\":\"https:\/\/devgets.com\/en\/shop\/all\/digitalserie\/vektor-icons-kipaji-set\/#primaryimage\",\"url\":\"https:\/\/cdn.devgets.com\/wp-content\/uploads\/2020\/07\/U\u0308bersicht.jpg?strip=all&quality=70\",\"contentUrl\":\"https:\/\/cdn.devgets.com\/wp-content\/uploads\/2020\/07\/U\u0308bersicht.jpg?strip=all&quality=70\",\"width\":1000,\"height\":1000},{\"@type\":\"BreadcrumbList\",\"@id\":\"https:\/\/devgets.com\/en\/shop\/all\/digitalserie\/vektor-icons-kipaji-set\/#breadcrumb\",\"itemListElement\":[{\"@type\":\"ListItem\",\"position\":1,\"name\":\"Startseite\",\"item\":\"https:\/\/devgets.com\/en\/\"},{\"@type\":\"ListItem\",\"position\":2,\"name\":\"DEVGETS Shop\",\"item\":\"https:\/\/devgets.com\/shop\/\"},{\"@type\":\"ListItem\",\"position\":3,\"name\":\"Vektor Icons \u2013 Kipaji Set\"}]},{\"@type\":\"WebSite\",\"@id\":\"https:\/\/devgets.com\/en\/#website\",\"url\":\"https:\/\/devgets.com\/en\/\",\"name\":\"DEVGETS\",\"description\":\"gadgets for development\",\"publisher\":{\"@id\":\"https:\/\/devgets.com\/en\/#organization\"},\"potentialAction\":[{\"@type\":\"SearchAction\",\"target\":{\"@type\":\"EntryPoint\",\"urlTemplate\":\"https:\/\/devgets.com\/en\/?s={search_term_string}\"},\"query-input\":{\"@type\":\"PropertyValueSpecification\",\"valueRequired\":true,\"valueName\":\"search_term_string\"}}],\"inLanguage\":\"en-US\"},{\"@type\":\"Organization\",\"@id\":\"https:\/\/devgets.com\/en\/#organization\",\"name\":\"DEVGETS UG (haftungsbeschr\u00e4nkt)\",\"url\":\"https:\/\/devgets.com\/en\/\",\"logo\":{\"@type\":\"ImageObject\",\"inLanguage\":\"en-US\",\"@id\":\"https:\/\/devgets.com\/en\/#\/schema\/logo\/image\/\",\"url\":\"https:\/\/cdn.devgets.com\/wp-content\/uploads\/2020\/02\/devgets-logo-optimal.png?strip=all&lossy=1&quality=70&ssl=1\",\"contentUrl\":\"https:\/\/cdn.devgets.com\/wp-content\/uploads\/2020\/02\/devgets-logo-optimal.png?strip=all&lossy=1&quality=70&ssl=1\",\"width\":3000,\"height\":1000,\"caption\":\"DEVGETS UG (haftungsbeschr\u00e4nkt)\"},\"image\":{\"@id\":\"https:\/\/devgets.com\/en\/#\/schema\/logo\/image\/\"},\"sameAs\":[\"https:\/\/facebook.com\/devgets\",\"https:\/\/www.instagram.com\/devgets\/\",\"https:\/\/www.linkedin.com\/company\/devgets\",\"https:\/\/www.xing.com\/companies\/devgetsug\"]}]}<\/script>\n<!-- \/ Yoast SEO plugin. -->","yoast_head_json":{"title":"Vektor Icons \u2013 Kipaji Set - DEVGETS","robots":{"index":"index","follow":"follow","max-snippet":"max-snippet:-1","max-image-preview":"max-image-preview:large","max-video-preview":"max-video-preview:-1"},"canonical":"https:\/\/devgets.com\/en\/shop\/all\/digitalserie\/vektor-icons-kipaji-set\/","og_locale":"en_US","og_type":"article","og_title":"Vektor Icons \u2013 Kipaji Set - DEVGETS","og_description":"Beliebte und bekannte, handgemalte Icons zum Nachmalen und die Nutzung im virtuellen Raum. Klassische Flipchart-Zeichnungen f\u00fcr virtuelle Seminare, Pr\u00e4sentationen oder Arbeitsbl\u00e4tter.  Mit dem Ertrag dieses Produktes unterst\u00fctzen wir die Bildungsprojekte der Kipaji gUG und des Kipaji Stiftungsfonds.","og_url":"https:\/\/devgets.com\/en\/shop\/all\/digitalserie\/vektor-icons-kipaji-set\/","og_site_name":"DEVGETS","article_publisher":"https:\/\/facebook.com\/devgets","article_modified_time":"2023-01-29T18:06:23+00:00","og_image":[{"width":1000,"height":1000,"url":"https:\/\/devgets.com\/wp-content\/uploads\/2020\/07\/U\u0308bersicht.jpg","type":"image\/jpeg"}],"twitter_card":"summary_large_image","schema":{"@context":"https:\/\/schema.org","@graph":[{"@type":"WebPage","@id":"https:\/\/devgets.com\/en\/shop\/all\/digitalserie\/vektor-icons-kipaji-set\/","url":"https:\/\/devgets.com\/en\/shop\/all\/digitalserie\/vektor-icons-kipaji-set\/","name":"Vektor Icons \u2013 Kipaji Set - DEVGETS","isPartOf":{"@id":"https:\/\/devgets.com\/en\/#website"},"primaryImageOfPage":{"@id":"https:\/\/devgets.com\/en\/shop\/all\/digitalserie\/vektor-icons-kipaji-set\/#primaryimage"},"image":{"@id":"https:\/\/devgets.com\/en\/shop\/all\/digitalserie\/vektor-icons-kipaji-set\/#primaryimage"},"thumbnailUrl":"https:\/\/cdn.devgets.com\/wp-content\/uploads\/2020\/07\/U\u0308bersicht.jpg?strip=all&quality=70","datePublished":"2020-07-02T14:17:01+00:00","dateModified":"2023-01-29T18:06:23+00:00","breadcrumb":{"@id":"https:\/\/devgets.com\/en\/shop\/all\/digitalserie\/vektor-icons-kipaji-set\/#breadcrumb"},"inLanguage":"en-US","potentialAction":[{"@type":"ReadAction","target":["https:\/\/devgets.com\/en\/shop\/all\/digitalserie\/vektor-icons-kipaji-set\/"]}]},{"@type":"ImageObject","inLanguage":"en-US","@id":"https:\/\/devgets.com\/en\/shop\/all\/digitalserie\/vektor-icons-kipaji-set\/#primaryimage","url":"https:\/\/cdn.devgets.com\/wp-content\/uploads\/2020\/07\/U\u0308bersicht.jpg?strip=all&quality=70","contentUrl":"https:\/\/cdn.devgets.com\/wp-content\/uploads\/2020\/07\/U\u0308bersicht.jpg?strip=all&quality=70","width":1000,"height":1000},{"@type":"BreadcrumbList","@id":"https:\/\/devgets.com\/en\/shop\/all\/digitalserie\/vektor-icons-kipaji-set\/#breadcrumb","itemListElement":[{"@type":"ListItem","position":1,"name":"Startseite","item":"https:\/\/devgets.com\/en\/"},{"@type":"ListItem","position":2,"name":"DEVGETS Shop","item":"https:\/\/devgets.com\/shop\/"},{"@type":"ListItem","position":3,"name":"Vektor Icons \u2013 Kipaji Set"}]},{"@type":"WebSite","@id":"https:\/\/devgets.com\/en\/#website","url":"https:\/\/devgets.com\/en\/","name":"DEVGETS","description":"gadgets for development","publisher":{"@id":"https:\/\/devgets.com\/en\/#organization"},"potentialAction":[{"@type":"SearchAction","target":{"@type":"EntryPoint","urlTemplate":"https:\/\/devgets.com\/en\/?s={search_term_string}"},"query-input":{"@type":"PropertyValueSpecification","valueRequired":true,"valueName":"search_term_string"}}],"inLanguage":"en-US"},{"@type":"Organization","@id":"https:\/\/devgets.com\/en\/#organization","name":"DEVGETS UG (haftungsbeschr\u00e4nkt)","url":"https:\/\/devgets.com\/en\/","logo":{"@type":"ImageObject","inLanguage":"en-US","@id":"https:\/\/devgets.com\/en\/#\/schema\/logo\/image\/","url":"https:\/\/cdn.devgets.com\/wp-content\/uploads\/2020\/02\/devgets-logo-optimal.png?strip=all&lossy=1&quality=70&ssl=1","contentUrl":"https:\/\/cdn.devgets.com\/wp-content\/uploads\/2020\/02\/devgets-logo-optimal.png?strip=all&lossy=1&quality=70&ssl=1","width":3000,"height":1000,"caption":"DEVGETS UG (haftungsbeschr\u00e4nkt)"},"image":{"@id":"https:\/\/devgets.com\/en\/#\/schema\/logo\/image\/"},"sameAs":["https:\/\/facebook.com\/devgets","https:\/\/www.instagram.com\/devgets\/","https:\/\/www.linkedin.com\/company\/devgets","https:\/\/www.xing.com\/companies\/devgetsug"]}]}},"_links":{"self":[{"href":"https:\/\/devgets.com\/en\/wp-json\/wp\/v2\/product\/2989","targetHints":{"allow":["GET"]}}],"collection":[{"href":"https:\/\/devgets.com\/en\/wp-json\/wp\/v2\/product"}],"about":[{"href":"https:\/\/devgets.com\/en\/wp-json\/wp\/v2\/types\/product"}],"replies":[{"embeddable":true,"href":"https:\/\/devgets.com\/en\/wp-json\/wp\/v2\/comments?post=2989"}],"wp:featuredmedia":[{"embeddable":true,"href":"https:\/\/devgets.com\/en\/wp-json\/wp\/v2\/media\/4862"}],"wp:attachment":[{"href":"https:\/\/devgets.com\/en\/wp-json\/wp\/v2\/media?parent=2989"}],"wp:term":[{"taxonomy":"product_brand","embeddable":true,"href":"https:\/\/devgets.com\/en\/wp-json\/wp\/v2\/product_brand?post=2989"},{"taxonomy":"product_cat","embeddable":true,"href":"https:\/\/devgets.com\/en\/wp-json\/wp\/v2\/product_cat?post=2989"},{"taxonomy":"product_tag","embeddable":true,"href":"https:\/\/devgets.com\/en\/wp-json\/wp\/v2\/product_tag?post=2989"}],"curies":[{"name":"wp","href":"https:\/\/api.w.org\/{rel}","templated":true}]}}